{"id":2735,"date":"2024-05-29T12:10:16","date_gmt":"2024-05-29T10:10:16","guid":{"rendered":"http:\/\/www.abogadoit.com\/wordpress?page_id=2735"},"modified":"2024-07-23T13:47:33","modified_gmt":"2024-07-23T11:47:33","slug":"ayuda","status":"publish","type":"page","link":"http:\/\/www.abogadoit.com\/wordpress\/?page_id=2735","title":{"rendered":"Ayuda"},"content":{"rendered":"\t\t<div data-elementor-type=\"wp-page\" data-elementor-id=\"2735\" class=\"elementor elementor-2735\">\n\t\t\t\t<div class=\"elementor-element elementor-element-53c4c5e e-con-full e-flex e-con e-parent\" data-id=\"53c4c5e\" data-element_type=\"container\">\n\t\t\t\t<div class=\"elementor-element elementor-element-dfed046 elementor-widget elementor-widget-heading\" data-id=\"dfed046\" data-element_type=\"widget\" data-widget_type=\"heading.default\">\n\t\t\t\t<div class=\"elementor-widget-container\">\n\t\t\t<h2 class=\"elementor-heading-title elementor-size-default\">Introducci\u00f3n al mayor buscador de servicios legales en espa\u00f1a<\/h2>\t\t<\/div>\n\t\t\t\t<\/div>\n\t\t\t\t<div class=\"elementor-element elementor-element-44a5312 elementor-widget elementor-widget-video\" data-id=\"44a5312\" data-element_type=\"widget\" data-settings=\"{&quot;youtube_url&quot;:&quot;https:\\\/\\\/youtu.be\\\/KH5grQV9sdU&quot;,&quot;video_type&quot;:&quot;youtube&quot;,&quot;controls&quot;:&quot;yes&quot;}\" data-widget_type=\"video.default\">\n\t\t\t\t<div class=\"elementor-widget-container\">\n\t\t\t\t\t<div class=\"elementor-wrapper elementor-open-inline\">\n\t\t\t<div class=\"elementor-video\"><\/div>\t\t<\/div>\n\t\t\t\t<\/div>\n\t\t\t\t<\/div>\n\t\t\t\t<\/div>\n\t\t<div class=\"elementor-element elementor-element-cde4970 e-flex e-con-boxed e-con e-parent\" data-id=\"cde4970\" data-element_type=\"container\">\n\t\t\t\t\t<div class=\"e-con-inner\">\n\t\t<div class=\"elementor-element elementor-element-b485940 e-con-full e-flex e-con e-child\" data-id=\"b485940\" data-element_type=\"container\">\n\t\t\t\t<div class=\"elementor-element elementor-element-bb0b0b8 elementor-widget elementor-widget-heading\" data-id=\"bb0b0b8\" data-element_type=\"widget\" data-widget_type=\"heading.default\">\n\t\t\t\t<div class=\"elementor-widget-container\">\n\t\t\t<h4 class=\"elementor-heading-title elementor-size-default\">As\u00ed funciona nuestro buscador<\/h4>\t\t<\/div>\n\t\t\t\t<\/div>\n\t\t\t\t<\/div>\n\t\t\t\t\t<\/div>\n\t\t\t\t<\/div>\n\t\t<div class=\"elementor-element elementor-element-d748476 e-flex e-con-boxed e-con e-parent\" data-id=\"d748476\" data-element_type=\"container\">\n\t\t\t\t\t<div class=\"e-con-inner\">\n\t\t<div class=\"elementor-element elementor-element-1d8e6f8 e-con-full e-flex e-con e-child\" data-id=\"1d8e6f8\" data-element_type=\"container\">\n\t\t\t\t<div class=\"elementor-element elementor-element-8652e7d elementor-widget elementor-widget-video\" data-id=\"8652e7d\" data-element_type=\"widget\" data-settings=\"{&quot;youtube_url&quot;:&quot;https:\\\/\\\/youtu.be\\\/RvZHbNVBgGw?si=-fxQuf5Rz82uvimE&quot;,&quot;video_type&quot;:&quot;youtube&quot;,&quot;controls&quot;:&quot;yes&quot;}\" data-widget_type=\"video.default\">\n\t\t\t\t<div class=\"elementor-widget-container\">\n\t\t\t\t\t<div class=\"elementor-wrapper elementor-open-inline\">\n\t\t\t<div class=\"elementor-video\"><\/div>\t\t<\/div>\n\t\t\t\t<\/div>\n\t\t\t\t<\/div>\n\t\t\t\t<\/div>\n\t\t\t\t\t<\/div>\n\t\t\t\t<\/div>\n\t\t<div class=\"elementor-element elementor-element-b665340 e-flex e-con-boxed e-con e-parent\" data-id=\"b665340\" data-element_type=\"container\">\n\t\t\t\t\t<div class=\"e-con-inner\">\n\t\t\t\t<div class=\"elementor-element elementor-element-25674f4 elementor-widget elementor-widget-heading\" data-id=\"25674f4\" data-element_type=\"widget\" data-widget_type=\"heading.default\">\n\t\t\t\t<div class=\"elementor-widget-container\">\n\t\t\t<h2 class=\"elementor-heading-title elementor-size-default\">C\u00f3mo darse de alta o participar como profesional<\/h2>\t\t<\/div>\n\t\t\t\t<\/div>\n\t\t\t\t<div class=\"elementor-element elementor-element-327bf82 elementor-widget elementor-widget-video\" data-id=\"327bf82\" data-element_type=\"widget\" data-settings=\"{&quot;youtube_url&quot;:&quot;https:\\\/\\\/youtu.be\\\/DufLGVSNkYY&quot;,&quot;video_type&quot;:&quot;youtube&quot;,&quot;controls&quot;:&quot;yes&quot;}\" data-widget_type=\"video.default\">\n\t\t\t\t<div class=\"elementor-widget-container\">\n\t\t\t\t\t<div class=\"elementor-wrapper elementor-open-inline\">\n\t\t\t<div class=\"elementor-video\"><\/div>\t\t<\/div>\n\t\t\t\t<\/div>\n\t\t\t\t<\/div>\n\t\t\t\t\t<\/div>\n\t\t\t\t<\/div>\n\t\t\t\t<\/div>\n\t\t","protected":false},"excerpt":{"rendered":"<div class=\"mh-excerpt\"><p>Introducci\u00f3n al mayor buscador de servicios legales en espa\u00f1a As\u00ed funciona nuestro buscador C\u00f3mo darse de alta o participar como profesional<\/p>\n<\/div>","protected":false},"author":1,"featured_media":0,"parent":0,"menu_order":0,"comment_status":"closed","ping_status":"closed","template":"page_full-width.php","meta":{"footnotes":""},"class_list":["post-2735","page","type-page","status-publish"],"_links":{"self":[{"href":"http:\/\/www.abogadoit.com\/wordpress\/index.php?rest_route=\/wp\/v2\/pages\/2735","targetHints":{"allow":["GET"]}}],"collection":[{"href":"http:\/\/www.abogadoit.com\/wordpress\/index.php?rest_route=\/wp\/v2\/pages"}],"about":[{"href":"http:\/\/www.abogadoit.com\/wordpress\/index.php?rest_route=\/wp\/v2\/types\/page"}],"author":[{"embeddable":true,"href":"http:\/\/www.abogadoit.com\/wordpress\/index.php?rest_route=\/wp\/v2\/users\/1"}],"replies":[{"embeddable":true,"href":"http:\/\/www.abogadoit.com\/wordpress\/index.php?rest_route=%2Fwp%2Fv2%2Fcomments&post=2735"}],"version-history":[{"count":0,"href":"http:\/\/www.abogadoit.com\/wordpress\/index.php?rest_route=\/wp\/v2\/pages\/2735\/revisions"}],"wp:attachment":[{"href":"http:\/\/www.abogadoit.com\/wordpress\/index.php?rest_route=%2Fwp%2Fv2%2Fmedia&parent=2735"}],"curies":[{"name":"wp","href":"https:\/\/api.w.org\/{rel}","templated":true}]}}