{"id":2520,"date":"2024-04-25T17:02:55","date_gmt":"2024-04-25T15:02:55","guid":{"rendered":"http:\/\/www.abogadoit.com\/wordpress?page_id=2520"},"modified":"2024-05-16T11:12:10","modified_gmt":"2024-05-16T09:12:10","slug":"perfiles-para-peritos","status":"publish","type":"page","link":"http:\/\/www.abogadoit.com\/wordpress\/?page_id=2520","title":{"rendered":"Perfiles para peritos old"},"content":{"rendered":"<p><img fetchpriority=\"high\" decoding=\"async\" class=\"size-full wp-image-2059 aligncenter\" src=\"http:\/\/www.abogadoit.com\/wordpress\/wp-content\/uploads\/2024\/03\/ICO-Peritos-PNG.png\" alt=\"\" width=\"225\" height=\"300\" \/>Excelencia Jur\u00eddica ofrece\u00a0 de inicio dos perfiles para peritos. Para poder abrir un perfil debe registrarse.<\/p>\n<h3>Pasos a seguir:<\/h3>\n<p>1\u00ba Login\u00a0 <strong><a href=\"http:\/\/www.abogadoit.com\/wordpresslogin\/\">aqu\u00ed<\/a><\/strong><\/p>\n<p>2\u00ba Elegir el tipo de perfil adecuado <strong>abajo<\/strong><\/p>\n<p>3\u00ba Rellenar el cuestionario que confeccionar\u00e1 su perfil<\/p>\n<p>4\u00ba Efectuar el pago de su servicio que le dar\u00e1 derecho de editar su perfil las veces que lo estime necesario o que quiera actualizar los datos. En su ficha de miembro de Excelencia tendr\u00e1 toda la informaci\u00f3n recogido sobre su suscripci\u00f3n, sus pagos y sus datos de clientes.<\/p>\n<h3 style=\"text-align: center;\">\u00a1 Adelante !<\/h3>\n<div class=\"geodir-pricing-container bsui sdel-626f54cb\" >\n<h4 class=\"mh-widget-title\"><span class=\"mh-widget-title-inner\">Opciones de suscripci\u00f3n<\/span><\/h4>\n<div class=\"row row-cols-xs-1 row-cols-md-2 pt-0 pr-3 pb-0 pl-3\">\n<div class=\"col  px-2 py-3\">\n<div class=\"card mb-lg-0  card-highlight border-primary shadow\">\n<div class=\"card-header border-primary\">\n<h4 class=\"my-0 mb-1 text-base subtitle text-center py-3 text-nowrap text-salmon\">Perfil perito<\/h4>\n<p class=\"text-muted text-center mb-3\"><span class=\"h2 text-dark\">0,00<span class=\"getpaid-currency__symbol\">&euro;<\/span><\/span><span class=\" ml-2\">\/ de por vida<\/span><\/p>\n<\/p><\/div>\n<div class=\"card-body\">\n<ul class=\"fa-ul my-2\">\n<li class=\"mb-3 geodir-fe-times-circle\" data-geodir-feature=\"recurring\"><span class=\"fa-li text-primary\"><i class=\"fas fa-times-circle\"><\/i><\/span>Renovaci\u00f3n autom\u00e1tica<\/li>\n<li class=\"mb-3 geodir-fe-times-circle\" data-geodir-feature=\"free_trial\"><span class=\"fa-li text-primary\"><i class=\"fas fa-times-circle\"><\/i><\/span>Prueba gratis<\/li>\n<li class=\"mb-3 geodir-fe-check-circle\" data-geodir-feature=\"images\"><span class=\"fa-li text-salmon\"><i class=\"fas fa-check-circle\"><\/i><\/span>1 foto<\/li>\n<li class=\"mb-3 geodir-fe-check-circle\" data-geodir-feature=\"categories\"><span class=\"fa-li text-salmon\"><i class=\"fas fa-check-circle\"><\/i><\/span>1 categor\u00eda<\/li>\n<li class=\"mb-3 geodir-fe-check-circle\" data-geodir-feature=\"tags\"><span class=\"fa-li text-salmon\"><i class=\"fas fa-check-circle\"><\/i><\/span>2 Etiquetas<\/li>\n<li class=\"mb-3 geodir-fe-times-circle\" data-geodir-feature=\"description\"><span class=\"fa-li text-primary\"><i class=\"fas fa-times-circle\"><\/i><\/span>Descripci\u00f3n ilimitada<\/li>\n<li class=\"mb-3 geodir-fe-times-circle\" data-geodir-feature=\"html_editor\"><span class=\"fa-li text-primary\"><i class=\"fas fa-times-circle\"><\/i><\/span>Descripci\u00f3n con editor HTML (WordPress)<\/li>\n<li class=\"mb-3 geodir-fe-times-circle\" data-geodir-feature=\"fields\"><span class=\"fa-li text-primary\"><i class=\"fas fa-times-circle\"><\/i><\/span>No correo electr\u00f3nico, facebook, horas de apertura, instagram, logotipo, ofertas especiales, tel\u00e9fono, titulaci\u00f3n, twitter, v\u00eddeo, web<\/li>\n<li class=\"mb-3 geodir-fe-check-circle\" data-geodir-feature=\"can_reply_review\"><span class=\"fa-li text-salmon\"><i class=\"fas fa-check-circle\"><\/i><\/span>El propietario puede contestar a comentarios<\/li>\n<li class=\"mb-3 geodir-fe-check-circle\" data-geodir-feature=\"embed_rating\"><span class=\"fa-li text-salmon\"><i class=\"fas fa-check-circle\"><\/i><\/span>Embeddable ratings<\/li>\n<\/ul>\n<div class=\"text-center\"><a class=\"btn btn-salmon btn-block\" href=\"http:\/\/www.abogadoit.com\/wordpress\/?page_id=181&#038;listing_type=gd_peritos&#038;package_id=10\">Elegir su plan de perfil<\/a><\/div>\n<\/p><\/div>\n<\/p><\/div>\n<\/div>\n<div class=\"col  px-2 py-3\">\n<div class=\"card mb-lg-0  border-primary shadow\">\n<div class=\"card-header border-primary\">\n<h4 class=\"my-0 mb-1 text-base subtitle text-center py-3 text-nowrap text-primary\">Perfil perito destacado<\/h4>\n<p class=\"text-muted text-center mb-3\"><span class=\"h2 text-dark\">90,00<span class=\"getpaid-currency__symbol\">&euro;<\/span><\/span><span class=\" ml-2\">\/ 12 meses<\/span><\/p>\n<\/p><\/div>\n<div class=\"card-body\">\n<ul class=\"fa-ul my-2\">\n<li class=\"mb-3 geodir-fe-times-circle\" data-geodir-feature=\"recurring\"><span class=\"fa-li text-primary\"><i class=\"fas fa-times-circle\"><\/i><\/span>Renovaci\u00f3n autom\u00e1tica<\/li>\n<li class=\"mb-3 geodir-fe-times-circle\" data-geodir-feature=\"free_trial\"><span class=\"fa-li text-primary\"><i class=\"fas fa-times-circle\"><\/i><\/span>Prueba gratis<\/li>\n<li class=\"mb-3 geodir-fe-check-circle\" data-geodir-feature=\"images\"><span class=\"fa-li text-salmon\"><i class=\"fas fa-check-circle\"><\/i><\/span>4 fotos<\/li>\n<li class=\"mb-3 geodir-fe-check-circle\" data-geodir-feature=\"categories\"><span class=\"fa-li text-salmon\"><i class=\"fas fa-check-circle\"><\/i><\/span>4 categor\u00edas<\/li>\n<li class=\"mb-3 geodir-fe-check-circle\" data-geodir-feature=\"tags\"><span class=\"fa-li text-salmon\"><i class=\"fas fa-check-circle\"><\/i><\/span>10 Etiquetas<\/li>\n<li class=\"mb-3 geodir-fe-check-circle\" data-geodir-feature=\"description\"><span class=\"fa-li text-salmon\"><i class=\"fas fa-check-circle\"><\/i><\/span>Descripci\u00f3n ilimitada<\/li>\n<li class=\"mb-3 geodir-fe-check-circle\" data-geodir-feature=\"html_editor\"><span class=\"fa-li text-salmon\"><i class=\"fas fa-check-circle\"><\/i><\/span>Descripci\u00f3n con editor HTML (WordPress)<\/li>\n<li class=\"mb-3 geodir-fe-check-circle\" data-geodir-feature=\"fields\"><span class=\"fa-li text-salmon\"><i class=\"fas fa-check-circle\"><\/i><\/span>Todos los campos<\/li>\n<li class=\"mb-3 geodir-fe-check-circle\" data-geodir-feature=\"can_reply_review\"><span class=\"fa-li text-salmon\"><i class=\"fas fa-check-circle\"><\/i><\/span>El propietario puede contestar a comentarios<\/li>\n<li class=\"mb-3 geodir-fe-check-circle\" data-geodir-feature=\"embed_rating\"><span class=\"fa-li text-salmon\"><i class=\"fas fa-check-circle\"><\/i><\/span>Embeddable ratings<\/li>\n<\/ul>\n<div class=\"text-center\"><a class=\"btn btn-primary btn-block\" href=\"http:\/\/www.abogadoit.com\/wordpress\/?page_id=181&#038;listing_type=gd_peritos&#038;package_id=11\">Elegir su plan de perfil<\/a><\/div>\n<\/p><\/div>\n<\/p><\/div>\n<\/div>\n<\/div><\/div>\n<p>&nbsp;<\/p>\n","protected":false},"excerpt":{"rendered":"<div class=\"mh-excerpt\"><p>Excelencia Jur\u00eddica ofrece\u00a0 de inicio dos perfiles para peritos. Para poder abrir un perfil debe registrarse. Pasos a seguir: 1\u00ba Login\u00a0 aqu\u00ed 2\u00ba Elegir el tipo de perfil adecuado abajo 3\u00ba Rellenar el cuestionario que <a class=\"mh-excerpt-more\" href=\"http:\/\/www.abogadoit.com\/wordpress\/?page_id=2520\" title=\"Perfiles para peritos old\">[&#8230;]<\/a><\/p>\n<\/div>","protected":false},"author":1,"featured_media":2059,"parent":0,"menu_order":0,"comment_status":"closed","ping_status":"closed","template":"","meta":{"footnotes":""},"class_list":["post-2520","page","type-page","status-publish","has-post-thumbnail"],"_links":{"self":[{"href":"http:\/\/www.abogadoit.com\/wordpress\/index.php?rest_route=\/wp\/v2\/pages\/2520","targetHints":{"allow":["GET"]}}],"collection":[{"href":"http:\/\/www.abogadoit.com\/wordpress\/index.php?rest_route=\/wp\/v2\/pages"}],"about":[{"href":"http:\/\/www.abogadoit.com\/wordpress\/index.php?rest_route=\/wp\/v2\/types\/page"}],"author":[{"embeddable":true,"href":"http:\/\/www.abogadoit.com\/wordpress\/index.php?rest_route=\/wp\/v2\/users\/1"}],"replies":[{"embeddable":true,"href":"http:\/\/www.abogadoit.com\/wordpress\/index.php?rest_route=%2Fwp%2Fv2%2Fcomments&post=2520"}],"version-history":[{"count":0,"href":"http:\/\/www.abogadoit.com\/wordpress\/index.php?rest_route=\/wp\/v2\/pages\/2520\/revisions"}],"wp:featuredmedia":[{"embeddable":true,"href":"http:\/\/www.abogadoit.com\/wordpress\/index.php?rest_route=\/wp\/v2\/media\/2059"}],"wp:attachment":[{"href":"http:\/\/www.abogadoit.com\/wordpress\/index.php?rest_route=%2Fwp%2Fv2%2Fmedia&parent=2520"}],"curies":[{"name":"wp","href":"https:\/\/api.w.org\/{rel}","templated":true}]}}