{"id":2269,"date":"2024-04-16T10:40:07","date_gmt":"2024-04-16T08:40:07","guid":{"rendered":"http:\/\/www.abogadoit.com\/wordpress?page_id=2269"},"modified":"2024-04-16T10:41:25","modified_gmt":"2024-04-16T08:41:25","slug":"como-anadir-o-editar-un-perfil","status":"publish","type":"page","link":"http:\/\/www.abogadoit.com\/wordpress\/?page_id=2269","title":{"rendered":"C\u00f3mo a\u00f1adir o editar un perfil"},"content":{"rendered":"<p>Le comentamos c\u00f3mo funciona Excelencia Jur\u00eddica.<\/p>\n","protected":false},"excerpt":{"rendered":"<div class=\"mh-excerpt\"><p>Le comentamos c\u00f3mo funciona Excelencia Jur\u00eddica.<\/p>\n<\/div>","protected":false},"author":1,"featured_media":1641,"parent":0,"menu_order":0,"comment_status":"closed","ping_status":"closed","template":"","meta":{"footnotes":""},"class_list":["post-2269","page","type-page","status-publish","has-post-thumbnail"],"_links":{"self":[{"href":"http:\/\/www.abogadoit.com\/wordpress\/index.php?rest_route=\/wp\/v2\/pages\/2269","targetHints":{"allow":["GET"]}}],"collection":[{"href":"http:\/\/www.abogadoit.com\/wordpress\/index.php?rest_route=\/wp\/v2\/pages"}],"about":[{"href":"http:\/\/www.abogadoit.com\/wordpress\/index.php?rest_route=\/wp\/v2\/types\/page"}],"author":[{"embeddable":true,"href":"http:\/\/www.abogadoit.com\/wordpress\/index.php?rest_route=\/wp\/v2\/users\/1"}],"replies":[{"embeddable":true,"href":"http:\/\/www.abogadoit.com\/wordpress\/index.php?rest_route=%2Fwp%2Fv2%2Fcomments&post=2269"}],"version-history":[{"count":0,"href":"http:\/\/www.abogadoit.com\/wordpress\/index.php?rest_route=\/wp\/v2\/pages\/2269\/revisions"}],"wp:featuredmedia":[{"embeddable":true,"href":"http:\/\/www.abogadoit.com\/wordpress\/index.php?rest_route=\/wp\/v2\/media\/1641"}],"wp:attachment":[{"href":"http:\/\/www.abogadoit.com\/wordpress\/index.php?rest_route=%2Fwp%2Fv2%2Fmedia&parent=2269"}],"curies":[{"name":"wp","href":"https:\/\/api.w.org\/{rel}","templated":true}]}}