{"id":2120,"date":"2024-03-16T10:49:43","date_gmt":"2024-03-16T09:49:43","guid":{"rendered":"http:\/\/www.abogadoit.com\/wordpress?page_id=2120"},"modified":"2024-03-18T12:25:34","modified_gmt":"2024-03-18T11:25:34","slug":"reclamar-perfil","status":"publish","type":"page","link":"http:\/\/www.abogadoit.com\/wordpress\/?page_id=2120","title":{"rendered":"Reclamar perfil"},"content":{"rendered":"<p>Con \u00e9ste formulario puede pedir el derecho de edici\u00f3n para el perfil.<\/p>\n<p>Nos pondremos encontacto con Usted una vez que hayamos comprobado su identidad .<\/p>\n<p>Tambi\u00e9n puede elegir un perfil de pago que le da la oportunidad de anunciar su despacho con mayor precisi\u00f3n.<\/p>\n<p>&nbsp;<\/p>\n<p><noscript class=\"ninja-forms-noscript-message\"><br \/>\n\tAviso: Se requiere JavaScript para este contenido.<\/noscript><br \/>\nDebe suscribirse o entrar en su suscripci\u00f3n para poder reclamar el derecho de autor.<\/p>\n<p>&nbsp;<\/p>\n","protected":false},"excerpt":{"rendered":"<div class=\"mh-excerpt\"><p>Con \u00e9ste formulario puede pedir el derecho de edici\u00f3n para el perfil. Nos pondremos encontacto con Usted una vez que hayamos comprobado su identidad . Tambi\u00e9n puede elegir un perfil de pago que le da <a class=\"mh-excerpt-more\" href=\"http:\/\/www.abogadoit.com\/wordpress\/?page_id=2120\" title=\"Reclamar perfil\">[&#8230;]<\/a><\/p>\n<\/div>","protected":false},"author":1,"featured_media":0,"parent":0,"menu_order":0,"comment_status":"closed","ping_status":"closed","template":"","meta":{"footnotes":""},"class_list":["post-2120","page","type-page","status-publish"],"_links":{"self":[{"href":"http:\/\/www.abogadoit.com\/wordpress\/index.php?rest_route=\/wp\/v2\/pages\/2120","targetHints":{"allow":["GET"]}}],"collection":[{"href":"http:\/\/www.abogadoit.com\/wordpress\/index.php?rest_route=\/wp\/v2\/pages"}],"about":[{"href":"http:\/\/www.abogadoit.com\/wordpress\/index.php?rest_route=\/wp\/v2\/types\/page"}],"author":[{"embeddable":true,"href":"http:\/\/www.abogadoit.com\/wordpress\/index.php?rest_route=\/wp\/v2\/users\/1"}],"replies":[{"embeddable":true,"href":"http:\/\/www.abogadoit.com\/wordpress\/index.php?rest_route=%2Fwp%2Fv2%2Fcomments&post=2120"}],"version-history":[{"count":0,"href":"http:\/\/www.abogadoit.com\/wordpress\/index.php?rest_route=\/wp\/v2\/pages\/2120\/revisions"}],"wp:attachment":[{"href":"http:\/\/www.abogadoit.com\/wordpress\/index.php?rest_route=%2Fwp%2Fv2%2Fmedia&parent=2120"}],"curies":[{"name":"wp","href":"https:\/\/api.w.org\/{rel}","templated":true}]}}