{"id":181,"date":"2023-11-28T13:41:50","date_gmt":"2023-11-28T12:41:50","guid":{"rendered":"http:\/\/www.abogadoit.com\/wordpress\/add-listing\/"},"modified":"2024-04-26T12:06:05","modified_gmt":"2024-04-26T10:06:05","slug":"add-listing","status":"publish","type":"page","link":"http:\/\/www.abogadoit.com\/wordpress\/?page_id=181","title":{"rendered":"Add Listing"},"content":{"rendered":"\t\t<div data-elementor-type=\"wp-page\" data-elementor-id=\"181\" class=\"elementor elementor-181\">\n\t\t\t\t<div class=\"elementor-element elementor-element-1a98318a e-flex e-con-boxed e-con e-parent\" data-id=\"1a98318a\" data-element_type=\"container\">\n\t\t\t\t\t<div class=\"e-con-inner\">\n\t\t\t\t<div class=\"elementor-element elementor-element-afbc6cf elementor-widget elementor-widget-text-editor\" data-id=\"afbc6cf\" data-element_type=\"widget\" data-widget_type=\"text-editor.default\">\n\t\t\t\t<div class=\"elementor-widget-container\">\n\t\t\t\t\t\t\t<p style=\"text-align: center;\">El primer directorio de despachos, notar\u00edas, procuradores, peritos y&nbsp; profesionales del sector legal en Espa\u00f1a.&nbsp;<\/p>\n<h4 style=\"text-align: center;\"><strong>Aqu\u00ed Usted puede crear&nbsp; su perfil<\/strong><\/h4>\t\t\t\t\t\t<\/div>\n\t\t\t\t<\/div>\n\t\t\t\t<div class=\"elementor-element elementor-element-3ae09bd9 elementor-widget elementor-widget-text-editor\" data-id=\"3ae09bd9\" data-element_type=\"widget\" data-widget_type=\"text-editor.default\">\n\t\t\t\t<div class=\"elementor-widget-container\">\n\t\t\t\t\t\t\t<!-- wp:geodirectory\/geodir-widget-notifications -->\n<div class=\"wp-block-geodirectory-geodir-widget-notifications\"><\/div>\n<!-- \/wp:geodirectory\/geodir-widget-notifications --><!-- wp:geodirectory\/geodir-widget-add-listing {\"show_advanced\":true,\"content\":\"\\u003cdiv class=\\u0022geodir-add-listing bsui sdel-1534b7cc\\u0022 \\u003e\\u003cdiv class=\\u0022mb-3\\u0022\\u003e\\u003cdiv class=\\u0022alert alert-info \\u0022 role=\\u0022alert\\u0022 \\u003e\\u003ci class=\\u0022fas fa-info-circle\\u0022\\u003e\\u003c\/i\\u003e Esta es una simple vista previa del formulario para a\u00f1adir anuncios.\\u003c\/div\\u003e\\u003cdiv class=\\u0022mb-3 row\\u0022  \\u003e\\u003clabel  class=\\u0022  col-sm-2 col-form-label text form-label\\u0022 \\u003eT\u00edtulo\\u003c\/label\\u003e\\u003cdiv class=\\u0022col-sm-10\\u0022  \\u003e\\u003cinput type=\\u0022text\\u0022  name=\\u0022demo-title\\u0022  placeholder=\\u0022Indica el t\u00edtulo de la secci\u00f3n.\\u0022  value=\\u0022Example title\\u0022  class=\\u0022form-control \\u0022  \\u003e\\u003csmall class=\\u0022form-text text-muted d-block\\u0022\\u003eEscribe el t\u00edtulo para el listado.\\u003c\/small\\u003e\\u003c\/div\\u003e\\u003c\/div\\u003e\\u003cdiv class=\\u0022mb-3 row\\u0022  \\u003e\\u003clabel  class=\\u0022  col-sm-2 col-form-label  form-label\\u0022 \\u003eDescripci\u00f3n\\u003c\/label\\u003e\\u003cdiv class=\\u0022col-sm-10\\u0022\\u003e\\u003ctextarea  name=\\u0022demo-description\\u0022  placeholder=\\u0022Texto de la descripci\u00f3n\\u0022  rows=\\u00228\\u0022  class=\\u0022form-control \\u0022  \\u003e\\u003c\/textarea\\u003e\\u003csmall class=\\u0022form-text text-muted d-block\\u0022\\u003eEscribe una descripci\u00f3n para tu listado.\\u003c\/small\\u003e\\u003c\/div\\u003e\\u003c\/div\\u003e\\u003c\/div\\u003e\\u003c\/div\\u003e\"} -->\n<div class=\"wp-block-geodirectory-geodir-widget-add-listing\"><div class=\"geodir-add-listing bsui sdel-c02d9d33\" ><div class=\"alert alert-info \" role=\"alert\" ><i class=\"fas fa-info-circle\"><\/i> Debes iniciar sesi\u00f3n o registrarte para poder dar de alta un perfil.<\/div><br \/><div class='gd-login-links'><a class=\"login-link uwp-login-link btn btn-primary\" href=\"http:\/\/www.abogadoit.com\/wordpress\/?page_id=188&#038;redirect_to=http%3A%2F%2Fwww.abogadoit.com%2Fwordpress%2Findex.php%3Frest_route%3D%252Fwp%252Fv2%252Fpages%252F181\" title=\"Conectate\">Conectate<\/a> <a class=\"register-link uwp-register-link btn btn-outline-primary\" href=\"http:\/\/www.abogadoit.com\/wordpress\/?page_id=187\" title=\"Darse de alta\">Darse de alta<\/a><\/div><\/div><\/div>\n<!-- \/wp:geodirectory\/geodir-widget-add-listing -->\t\t\t\t\t\t<\/div>\n\t\t\t\t<\/div>\n\t\t\t\t\t<\/div>\n\t\t\t\t<\/div>\n\t\t<div class=\"elementor-element elementor-element-bf99734 e-flex e-con-boxed e-con e-parent\" data-id=\"bf99734\" data-element_type=\"container\">\n\t\t\t\t\t<div class=\"e-con-inner\">\n\t\t\t\t\t<\/div>\n\t\t\t\t<\/div>\n\t\t\t\t<\/div>\n\t\t","protected":false},"excerpt":{"rendered":"<div class=\"mh-excerpt\"><p>El primer directorio de despachos, notar\u00edas, procuradores, peritos y&nbsp; profesionales del sector legal en Espa\u00f1a.&nbsp; Aqu\u00ed Usted puede crear&nbsp; su perfil<\/p>\n<\/div>","protected":false},"author":1,"featured_media":0,"parent":0,"menu_order":0,"comment_status":"closed","ping_status":"closed","template":"","meta":{"footnotes":""},"class_list":["post-181","page","type-page","status-publish"],"_links":{"self":[{"href":"http:\/\/www.abogadoit.com\/wordpress\/index.php?rest_route=\/wp\/v2\/pages\/181","targetHints":{"allow":["GET"]}}],"collection":[{"href":"http:\/\/www.abogadoit.com\/wordpress\/index.php?rest_route=\/wp\/v2\/pages"}],"about":[{"href":"http:\/\/www.abogadoit.com\/wordpress\/index.php?rest_route=\/wp\/v2\/types\/page"}],"author":[{"embeddable":true,"href":"http:\/\/www.abogadoit.com\/wordpress\/index.php?rest_route=\/wp\/v2\/users\/1"}],"replies":[{"embeddable":true,"href":"http:\/\/www.abogadoit.com\/wordpress\/index.php?rest_route=%2Fwp%2Fv2%2Fcomments&post=181"}],"version-history":[{"count":0,"href":"http:\/\/www.abogadoit.com\/wordpress\/index.php?rest_route=\/wp\/v2\/pages\/181\/revisions"}],"wp:attachment":[{"href":"http:\/\/www.abogadoit.com\/wordpress\/index.php?rest_route=%2Fwp%2Fv2%2Fmedia&parent=181"}],"curies":[{"name":"wp","href":"https:\/\/api.w.org\/{rel}","templated":true}]}}